{"id":561,"date":"2020-10-02T10:11:32","date_gmt":"2020-10-02T08:11:32","guid":{"rendered":"http:\/\/www.gruppoprisma.com\/?page_id=561"},"modified":"2021-10-12T11:06:51","modified_gmt":"2021-10-12T09:06:51","slug":"informativaformcontatti","status":"publish","type":"page","link":"https:\/\/www.gruppoprisma.com\/index.php\/informativaformcontatti\/","title":{"rendered":"Informativa form contatti"},"content":{"rendered":"<div class=\"fusion-fullwidth fullwidth-box fusion-builder-row-1 nonhundred-percent-fullwidth non-hundred-percent-height-scrolling\" style=\"--awb-border-radius-top-left:0px;--awb-border-radius-top-right:0px;--awb-border-radius-bottom-right:0px;--awb-border-radius-bottom-left:0px;--awb-margin-top:200px;--awb-flex-wrap:wrap;\" ><div class=\"fusion-builder-row fusion-row\"><div class=\"fusion-layout-column fusion_builder_column fusion-builder-column-0 fusion_builder_column_1_1 1_1 fusion-one-full fusion-column-first fusion-column-last\" style=\"--awb-bg-size:cover;--awb-margin-bottom:0px;\"><div class=\"fusion-column-wrapper fusion-flex-column-wrapper-legacy\"><div class=\"fusion-text fusion-text-1\"><p><strong>INFORMATIVA SUL TRATTAMENTO DEI DATI PERSONALI.<\/strong><\/p>\n<p><strong>Gruppo Prisma Srl<\/strong> con sede a Porcia (PN), Via Pieve 14\/A cap 33080, in qualit\u00e0 di titolare del trattamento dei dati personali Ricci Raffaele, rilascia la presente informativa all\u2019Interessato nel rispetto della disciplina europea e italiana in materia di protezione dei dati personali.<\/p>\n<p>La presente informativa integra la policy di navigazione del nostro sito, allo scopo di illustrare all\u2019Utente come la Societ\u00e0 tratter\u00e0 nello specifico i dati inseriti nel presente form di contatto: si invita pertanto a prendere visione della nostra <a href=\"http:\/\/www.gruppoprisma.com\/index.php\/privacy-policy\/\">privacy policy<\/a>.<\/p>\n<p><strong><u>Finalit\u00e0 e base giuridica del trattamento<\/u><\/strong><\/p>\n<p><strong>Gruppo Prisma Srl<\/strong> non invia newsletter: il Titolare tratta i dati personali comunicati attraverso il presente form solo per rispondere alle richieste inoltrate, ad esempio per ottenere informazioni sui prodotti o servizi (compreso l\u2019invio della brochure, del catalogo e\/o di altro materiale informativo aziendale), per avere un preventivo, ecc.: il consenso non \u00e8 quindi richiesto perch\u00e9 il trattamento \u00e8 necessario per dare riscontro a tali richieste.<\/p>\n<p><strong><u>Periodo di conservazione dei dati<\/u><\/strong><\/p>\n<p>Qualora fossero richieste informazioni, i dati saranno trattati per il tempo necessario a dare riscontro; qualora fosse richiesto un preventivo, invece, i dati saranno trattati per un tempo massimo pari al doppio del periodo di efficacia della proposta, fatta salva l\u2019ulteriore conservazione per il tempo necessario alla definizione (comunque raggiunta) delle controversie eventualmente insorte.<\/p>\n<p><strong><u><br \/>\nNatura del conferimento dei dati e conseguenze in caso di rifiuto<\/u><\/strong><\/p>\n<p>Il conferimento dei dati \u00e8 strettamente correlato all\u2019utilizzo del form di contatto ed \u00e8 pertanto necessario per inoltrare la richiesta di informazioni: la mancata comunicazione, infatti, comporta l\u2019impossibilit\u00e0 di fornire le informazioni richieste.<\/p>\n<p><strong><u>Ambito di comunicazione dei dati e categorie di destinatari<\/u><\/strong><\/p>\n<p>Il Titolare non diffonder\u00e0 i dati, ma intende comunicarli a figure interne autorizzate al trattamento in ragione delle rispettive mansioni, nonch\u00e9 a societ\u00e0 del Gruppo, a professionisti o societ\u00e0 di servizi e ad Enti Pubblici e privati, anche a seguito di ispezioni e verifiche.<\/p>\n<p>Tali destinatari, ove dovessero trattare dati per conto del Titolare, saranno nominati responsabili del trattamento con apposito contratto o altro atto giuridico.<\/p>\n<p><strong><u>Trasferimento dati verso un Paese terzo e\/o un\u2019organizzazione internazionale<\/u><\/strong><\/p>\n<p>I dati personali non saranno oggetto di trasferimento n\u00e9 verso Paesi terzi non europei n\u00e9 verso organizzazioni internazionali.<\/p>\n<p><strong><u>Diritti degli interessati <\/u><\/strong><\/p>\n<p>\u00c8 diritto dell\u2019Interessato chiedere al Titolare di accedere ai propri dati personali e di rettificarli se inesatti, di cancellarli o limitarne il trattamento se ne ricorrono i presupposti, nonch\u00e9 di ottenere la portabilit\u00e0 dei dati personalmente comunicati.<\/p>\n<p>Per esercitare i propri diritti, l\u2019Interessato pu\u00f2 utilizzare il modulo disponibile <a href=\"https:\/\/www.garanteprivacy.it\/web\/guest\/home\/docweb\/-\/docweb-display\/docweb\/1089924\">qui<\/a> e inoltrarlo al Titolare al seguente recapito: info@gruppoprisma.com. L\u2019Interessato ha anche il diritto di proporre reclamo all\u2019autorit\u00e0 di controllo competente in materia, Garante per la protezione dei dati personali (<a href=\"http:\/\/www.garanteprivacy.it\/\">www.garanteprivacy.it<\/a>).<\/p>\n<\/div><div class=\"fusion-clearfix\"><\/div><\/div><\/div><\/div><\/div>\n","protected":false},"excerpt":{"rendered":"","protected":false},"author":1,"featured_media":0,"parent":0,"menu_order":0,"comment_status":"closed","ping_status":"closed","template":"100-width.php","meta":{"_acf_changed":false,"footnotes":""},"class_list":["post-561","page","type-page","status-publish","hentry"],"acf":[],"yoast_head":"<!-- This site is optimized with the Yoast SEO plugin v27.2 - https:\/\/yoast.com\/product\/yoast-seo-wordpress\/ -->\r\n<title>Informativa form contatti - Gruppo Prisma<\/title>\r\n<meta name=\"robots\" content=\"index, follow, max-snippet:-1, max-image-preview:large, max-video-preview:-1\" \/>\r\n<link rel=\"canonical\" href=\"https:\/\/www.gruppoprisma.com\/index.php\/informativaformcontatti\/\" \/>\r\n<meta property=\"og:locale\" content=\"it_IT\" \/>\r\n<meta property=\"og:type\" content=\"article\" \/>\r\n<meta property=\"og:title\" content=\"Informativa form contatti - Gruppo Prisma\" \/>\r\n<meta property=\"og:url\" content=\"https:\/\/www.gruppoprisma.com\/index.php\/informativaformcontatti\/\" \/>\r\n<meta property=\"og:site_name\" content=\"Gruppo Prisma\" \/>\r\n<meta property=\"article:modified_time\" content=\"2021-10-12T09:06:51+00:00\" \/>\r\n<meta name=\"twitter:card\" content=\"summary_large_image\" \/>\r\n<meta name=\"twitter:label1\" content=\"Tempo di lettura stimato\" \/>\n\t<meta name=\"twitter:data1\" content=\"3 minuti\" \/>\r\n<script type=\"application\/ld+json\" class=\"yoast-schema-graph\">{\"@context\":\"https:\/\/schema.org\",\"@graph\":[{\"@type\":\"WebPage\",\"@id\":\"https:\/\/www.gruppoprisma.com\/index.php\/informativaformcontatti\/\",\"url\":\"https:\/\/www.gruppoprisma.com\/index.php\/informativaformcontatti\/\",\"name\":\"Informativa form contatti - Gruppo Prisma\",\"isPartOf\":{\"@id\":\"https:\/\/www.gruppoprisma.com\/#website\"},\"datePublished\":\"2020-10-02T08:11:32+00:00\",\"dateModified\":\"2021-10-12T09:06:51+00:00\",\"breadcrumb\":{\"@id\":\"https:\/\/www.gruppoprisma.com\/index.php\/informativaformcontatti\/#breadcrumb\"},\"inLanguage\":\"it-IT\",\"potentialAction\":[{\"@type\":\"ReadAction\",\"target\":[\"https:\/\/www.gruppoprisma.com\/index.php\/informativaformcontatti\/\"]}]},{\"@type\":\"BreadcrumbList\",\"@id\":\"https:\/\/www.gruppoprisma.com\/index.php\/informativaformcontatti\/#breadcrumb\",\"itemListElement\":[{\"@type\":\"ListItem\",\"position\":1,\"name\":\"Home\",\"item\":\"https:\/\/www.gruppoprisma.com\/\"},{\"@type\":\"ListItem\",\"position\":2,\"name\":\"Informativa form contatti\"}]},{\"@type\":\"WebSite\",\"@id\":\"https:\/\/www.gruppoprisma.com\/#website\",\"url\":\"https:\/\/www.gruppoprisma.com\/\",\"name\":\"Gruppo Prisma\",\"description\":\"Advanced Technology Metalworking\",\"publisher\":{\"@id\":\"https:\/\/www.gruppoprisma.com\/#organization\"},\"potentialAction\":[{\"@type\":\"SearchAction\",\"target\":{\"@type\":\"EntryPoint\",\"urlTemplate\":\"https:\/\/www.gruppoprisma.com\/?s={search_term_string}\"},\"query-input\":{\"@type\":\"PropertyValueSpecification\",\"valueRequired\":true,\"valueName\":\"search_term_string\"}}],\"inLanguage\":\"it-IT\"},{\"@type\":\"Organization\",\"@id\":\"https:\/\/www.gruppoprisma.com\/#organization\",\"name\":\"Gruppo Prisma\",\"url\":\"https:\/\/www.gruppoprisma.com\/\",\"logo\":{\"@type\":\"ImageObject\",\"inLanguage\":\"it-IT\",\"@id\":\"https:\/\/www.gruppoprisma.com\/#\/schema\/logo\/image\/\",\"url\":\"https:\/\/www.gruppoprisma.com\/wp-content\/uploads\/2020\/06\/logo_prisma.png\",\"contentUrl\":\"https:\/\/www.gruppoprisma.com\/wp-content\/uploads\/2020\/06\/logo_prisma.png\",\"width\":219,\"height\":67,\"caption\":\"Gruppo Prisma\"},\"image\":{\"@id\":\"https:\/\/www.gruppoprisma.com\/#\/schema\/logo\/image\/\"}}]}<\/script>\r\n<!-- \/ Yoast SEO plugin. -->","yoast_head_json":{"title":"Informativa form contatti - Gruppo Prisma","robots":{"index":"index","follow":"follow","max-snippet":"max-snippet:-1","max-image-preview":"max-image-preview:large","max-video-preview":"max-video-preview:-1"},"canonical":"https:\/\/www.gruppoprisma.com\/index.php\/informativaformcontatti\/","og_locale":"it_IT","og_type":"article","og_title":"Informativa form contatti - Gruppo Prisma","og_url":"https:\/\/www.gruppoprisma.com\/index.php\/informativaformcontatti\/","og_site_name":"Gruppo Prisma","article_modified_time":"2021-10-12T09:06:51+00:00","twitter_card":"summary_large_image","twitter_misc":{"Tempo di lettura stimato":"3 minuti"},"schema":{"@context":"https:\/\/schema.org","@graph":[{"@type":"WebPage","@id":"https:\/\/www.gruppoprisma.com\/index.php\/informativaformcontatti\/","url":"https:\/\/www.gruppoprisma.com\/index.php\/informativaformcontatti\/","name":"Informativa form contatti - Gruppo Prisma","isPartOf":{"@id":"https:\/\/www.gruppoprisma.com\/#website"},"datePublished":"2020-10-02T08:11:32+00:00","dateModified":"2021-10-12T09:06:51+00:00","breadcrumb":{"@id":"https:\/\/www.gruppoprisma.com\/index.php\/informativaformcontatti\/#breadcrumb"},"inLanguage":"it-IT","potentialAction":[{"@type":"ReadAction","target":["https:\/\/www.gruppoprisma.com\/index.php\/informativaformcontatti\/"]}]},{"@type":"BreadcrumbList","@id":"https:\/\/www.gruppoprisma.com\/index.php\/informativaformcontatti\/#breadcrumb","itemListElement":[{"@type":"ListItem","position":1,"name":"Home","item":"https:\/\/www.gruppoprisma.com\/"},{"@type":"ListItem","position":2,"name":"Informativa form contatti"}]},{"@type":"WebSite","@id":"https:\/\/www.gruppoprisma.com\/#website","url":"https:\/\/www.gruppoprisma.com\/","name":"Gruppo Prisma","description":"Advanced Technology Metalworking","publisher":{"@id":"https:\/\/www.gruppoprisma.com\/#organization"},"potentialAction":[{"@type":"SearchAction","target":{"@type":"EntryPoint","urlTemplate":"https:\/\/www.gruppoprisma.com\/?s={search_term_string}"},"query-input":{"@type":"PropertyValueSpecification","valueRequired":true,"valueName":"search_term_string"}}],"inLanguage":"it-IT"},{"@type":"Organization","@id":"https:\/\/www.gruppoprisma.com\/#organization","name":"Gruppo Prisma","url":"https:\/\/www.gruppoprisma.com\/","logo":{"@type":"ImageObject","inLanguage":"it-IT","@id":"https:\/\/www.gruppoprisma.com\/#\/schema\/logo\/image\/","url":"https:\/\/www.gruppoprisma.com\/wp-content\/uploads\/2020\/06\/logo_prisma.png","contentUrl":"https:\/\/www.gruppoprisma.com\/wp-content\/uploads\/2020\/06\/logo_prisma.png","width":219,"height":67,"caption":"Gruppo Prisma"},"image":{"@id":"https:\/\/www.gruppoprisma.com\/#\/schema\/logo\/image\/"}}]}},"_links":{"self":[{"href":"https:\/\/www.gruppoprisma.com\/index.php\/wp-json\/wp\/v2\/pages\/561","targetHints":{"allow":["GET"]}}],"collection":[{"href":"https:\/\/www.gruppoprisma.com\/index.php\/wp-json\/wp\/v2\/pages"}],"about":[{"href":"https:\/\/www.gruppoprisma.com\/index.php\/wp-json\/wp\/v2\/types\/page"}],"author":[{"embeddable":true,"href":"https:\/\/www.gruppoprisma.com\/index.php\/wp-json\/wp\/v2\/users\/1"}],"replies":[{"embeddable":true,"href":"https:\/\/www.gruppoprisma.com\/index.php\/wp-json\/wp\/v2\/comments?post=561"}],"version-history":[{"count":5,"href":"https:\/\/www.gruppoprisma.com\/index.php\/wp-json\/wp\/v2\/pages\/561\/revisions"}],"predecessor-version":[{"id":676,"href":"https:\/\/www.gruppoprisma.com\/index.php\/wp-json\/wp\/v2\/pages\/561\/revisions\/676"}],"wp:attachment":[{"href":"https:\/\/www.gruppoprisma.com\/index.php\/wp-json\/wp\/v2\/media?parent=561"}],"curies":[{"name":"wp","href":"https:\/\/api.w.org\/{rel}","templated":true}]}}